{"id":16,"date":"2013-02-28T12:42:58","date_gmt":"2013-02-28T12:42:58","guid":{"rendered":"http:\/\/metaldesigncluj.ro\/wp\/?page_id=16"},"modified":"2024-02-28T13:23:01","modified_gmt":"2024-02-28T10:23:01","slug":"servicii","status":"publish","type":"page","link":"https:\/\/metalindustries.ro\/?page_id=16","title":{"rendered":"Servicii"},"content":{"rendered":"\n<p><span style=\"color: #808080;\">\u00cen principal, activitatea societ\u0103\u0163ii se bazeaz\u0103 pe construc\u0163ia de ansamble \u015fi subansamble pentru ma\u015fini de \u00eempachetat, de robo\u0163i industriali, ma\u015fini de confec\u0163ionat tuburi de polietilen\u0103, ma\u015fini de confec\u0163ionat carton, ma\u015fini de prelucrare a lemnului. Asigur\u0103m servicii de \u00eenalt\u0103 calitate cu echipamente \u0219i personal specializat.<\/span><\/p>\n\n\n\n<p><span style=\"color: #808080;\"><strong>De asemenea mai producem :<\/strong><\/span><br><span style=\"color: #808080;\"> <em> -Containere&nbsp; pentru transportul de\u015feurilor, cu o capacitate de la 15m3 p\u00e2n\u0103 la 38m3.<\/em><\/span><br><span style=\"color: #808080;\"> <em> -Structuri metalice pentru hale industriale<\/em><\/span><br><span style=\"color: #808080;\"> <em> -Panouri publicitare stradale<\/em><\/span><br><span style=\"color: #808080;\"> <em> -Confectii metalice cu prelucrari mecanice pana la 3,5 TONE<\/em><\/span><\/p>\n\n\n\n<p><span style=\"color: #808080;\"><em>\u00cen func\u0163ie de cerin\u0163ele clientului, produsele pot fi: grunduite, vopsite \u00een c\u00e2mp electrostatic, vopsite cu vopsea lichid\u0103, zincate la cald.<\/em><\/span><\/p>\n\n\n\n<p><span style=\"color: #808080;\"><strong>Dotare tehnic\u0103:<\/strong><\/span><br><span style=\"color: #808080;\"> <em> Ma\u015fin\u0103 de \u00eendoit tabla cu comand\u0103 numeric\u0103 (Haco);<\/em><\/span><br><span style=\"color: #808080;\"> <em> Ma\u015fin\u0103 de debitat tabla cu comand\u0103 numeric\u0103 (Haco);<\/em><\/span><br><span style=\"color: #808080;\"> <em> Ma\u015fin\u0103 de debitat cu plasm\u0103 cu comand\u0103 numeric\u0103;<\/em><\/span><br><span style=\"color: #808080;\"> <em> Bohrwerk Tos;<\/em><\/span><br><span style=\"color: #808080;\"> <em> Frez\u0103 Tos;<\/em><\/span><br><span style=\"color: #808080;\"> <em> Strung clasic;<\/em><\/span><br><span style=\"color: #808080;\"> <em> Ma\u015fin\u0103 de debitat \u0163eava cu p\u00e2nz\u0103 metalic\u0103;<\/em><\/span><br><span style=\"color: #808080;\"> <em> Aparate de sudur\u0103 mig-mag r\u0103cite cu ap\u0103;<\/em><\/span><br><span style=\"color: #808080;\"> <em> Aparate de sudur\u0103 vig;<\/em><\/span><br><span style=\"color: #808080;\"> <em> Ma\u015fini de g\u0103urit;<\/em><\/span><br><span style=\"color: #808080;\"> <em> Pod rulant 3,5 tone;<\/em><\/span><\/p>\n\n\n\n<p><span style=\"color: #808080;\"><em><a href=\"http:\/\/metalindustries.ro\/wp-content\/uploads\/6b1078d9-eb22-4afa-b22a-f3c0d5c7f012.jpg\" data-type=\"URL\" data-id=\"http:\/\/metalindustries.ro\/wp-content\/uploads\/6b1078d9-eb22-4afa-b22a-f3c0d5c7f012.jpg\" target=\"_blank\" rel=\"noreferrer noopener\">Ma\u0219in\u0103 de debitat \u021beav\u0103 cu laser fibr\u0103, de 1,5 kW, marca SEN FENG at\u00e2t pentru o\u021bel c\u00e2t \u0219i pentru inox;<\/a><\/em><\/span><\/p>\n\n\n\n<p><span style=\"color: #808080;\"><em><a href=\"http:\/\/metalindustries.ro\/wp-content\/uploads\/e3ae3f5e-163a-452d-b634-f34841dda445.jpg\" data-type=\"URL\" data-id=\"http:\/\/metalindustries.ro\/wp-content\/uploads\/e3ae3f5e-163a-452d-b634-f34841dda445.jpg\" target=\"_blank\" rel=\"noreferrer noopener\">Ma\u0219in\u0103 de debitat tabla cu laser fibr\u0103, de 3 kW, marca SEN FENG, cu dimensiunea de 2m\/6m.<\/a><\/em><\/span><\/p>\n\n\n\n<p>","protected":false},"excerpt":{"rendered":"<p>\u00cen principal, activitatea societ\u0103\u0163ii se bazeaz\u0103 pe construc\u0163ia de ansamble \u015fi subansamble pentru ma\u015fini de \u00eempachetat, de robo\u0163i industriali, ma\u015fini de confec\u0163ionat tuburi de polietilen\u0103, ma\u015fini de confec\u0163ionat carton, ma\u015fini de prelucrare a lemnului. Asigur\u0103m servicii de \u00eenalt\u0103 calitate cu echipamente \u0219i personal specializat. De asemenea mai producem : -Containere&nbsp; pentru transportul de\u015feurilor, cu o [&hellip;]<\/p>\n","protected":false},"author":1,"featured_media":0,"parent":0,"menu_order":0,"comment_status":"open","ping_status":"open","template":"","meta":[],"_links":{"self":[{"href":"https:\/\/metalindustries.ro\/index.php?rest_route=\/wp\/v2\/pages\/16"}],"collection":[{"href":"https:\/\/metalindustries.ro\/index.php?rest_route=\/wp\/v2\/pages"}],"about":[{"href":"https:\/\/metalindustries.ro\/index.php?rest_route=\/wp\/v2\/types\/page"}],"author":[{"embeddable":true,"href":"https:\/\/metalindustries.ro\/index.php?rest_route=\/wp\/v2\/users\/1"}],"replies":[{"embeddable":true,"href":"https:\/\/metalindustries.ro\/index.php?rest_route=%2Fwp%2Fv2%2Fcomments&post=16"}],"version-history":[{"count":23,"href":"https:\/\/metalindustries.ro\/index.php?rest_route=\/wp\/v2\/pages\/16\/revisions"}],"predecessor-version":[{"id":240,"href":"https:\/\/metalindustries.ro\/index.php?rest_route=\/wp\/v2\/pages\/16\/revisions\/240"}],"wp:attachment":[{"href":"https:\/\/metalindustries.ro\/index.php?rest_route=%2Fwp%2Fv2%2Fmedia&parent=16"}],"curies":[{"name":"wp","href":"https:\/\/api.w.org\/{rel}","templated":true}]}}