{"id":7,"date":"2013-02-28T11:35:43","date_gmt":"2013-02-28T11:35:43","guid":{"rendered":"http:\/\/metaldesigncluj.ro\/wp\/?page_id=7"},"modified":"2024-02-28T11:12:43","modified_gmt":"2024-02-28T08:12:43","slug":"despre-noi","status":"publish","type":"page","link":"https:\/\/metalindustries.ro\/","title":{"rendered":"Despre noi"},"content":{"rendered":"<p><span style=\"color: #808080;\">METAL INDUSTRIES este o companie specializat\u0103 \u00een construc\u0163ii metalice pentru uz industrial. \u00cenfiin\u021bat\u0103 \u00een 2012, METAL INDUSTRIES s-a extins rapid \u0219i a avut de \u00eendat\u0103 parteneri bine-cunoscu\u021bi \u0219i respecta\u021bi la nivel local.<\/span><\/p>\n<p><span style=\"color: #808080;\">METAL INDUSTRIES S.R.L. este specializat\u0103 \u00een construc\u021bii metalice cu sau f\u0103r\u0103 prelucrare \u00een scopuri industriale. \u00cencep\u00e2nd cu 2012, 90% din produc\u021bie a fost alc\u0103tuit\u0103 din exporturi c\u0103tre Germania, Olanda, Belgia, Norvegia \u0219i Fran\u021ba. \u00cen to\u021bi ace\u0219ti ani am reu\u0219it s\u0103 construim parteneriate puternice, \u00eencerc\u00e2nd s\u0103 \u00eembun\u0103t\u0103\u021bim constant calitatea produselor noastre, echipamentele noastre tehnice \u0219i m\u0103iestria angaja\u021bilor no\u0219tri.\u00cen prezent, compania noastr\u0103 are 25 de angaja\u021bi.<\/span><\/p>\n<p><span style=\"color: #808080;\">Echipamente: Bystronic bystar 4025 ma\u0219in\u0103 de t\u0103iat cu laser, ma\u0219in\u0103 de \u00eendoit cnc (lvd 4000\/220 tone, year 2015) &#8211; ma\u0219in\u0103 de t\u0103iat cnc (haco), ma\u0219in\u0103 de t\u0103iat cnc cu plasm\u0103 hypetherm, year 2015, ma\u0219in\u0103 de t\u0103iat cnc oxy- acetilen, cn bohrwerk (miling &amp; boring tos machine), grinding tos machine, turning cn, proma, year 2015, ma\u0219ini de fer\u0103str\u0103u cu band\u0103, ma\u0219ini de sudat mig-mag (9), ma\u0219ini de sudat vig (3), ma\u0219ini de perforat (3), macarale aeriene 5 tone (1), Ma\u0219in\u0103 de debitat \u021beav\u0103 cu laser fibr\u0103, de 1,5 kW, marca SEN FENG at\u00e2t pentru o\u021bel c\u00e2t \u0219i pentru inox, ma\u0219in\u0103 de debitat tabla cu laser fibr\u0103, de 3 kW, marca SEN FENG, cu dimensiunea de 2m\/6m.,\u00a0<\/span><\/p>\n<p><span style=\"color: #808080;\">Producem ansamble sau subansamble pentru diferite ma\u0219ini industriale: ma\u0219ini de ambalat, ma\u0219ini pentru producerea \u0219i prelucrarea cartonului, prelucrarea lemnului, producerea \u021bevilor din polietilen\u0103 etc.Prin intermediul colaboratorilor nostri oferim servicii de finisare a suprafe\u0163elor: sablare, zincare, vopsire.<\/span><\/p>\n<p><\/p>\n\n\n<p><\/p>\n","protected":false},"excerpt":{"rendered":"<p>METAL INDUSTRIES este o companie specializat\u0103 \u00een construc\u0163ii metalice pentru uz industrial. \u00cenfiin\u021bat\u0103 \u00een 2012, METAL INDUSTRIES s-a extins rapid \u0219i a avut de \u00eendat\u0103 parteneri bine-cunoscu\u021bi \u0219i respecta\u021bi la nivel local. METAL INDUSTRIES S.R.L. este specializat\u0103 \u00een construc\u021bii metalice cu sau f\u0103r\u0103 prelucrare \u00een scopuri industriale. \u00cencep\u00e2nd cu 2012, 90% din produc\u021bie a fost [&hellip;]<\/p>\n","protected":false},"author":1,"featured_media":0,"parent":0,"menu_order":0,"comment_status":"open","ping_status":"open","template":"","meta":[],"_links":{"self":[{"href":"https:\/\/metalindustries.ro\/index.php?rest_route=\/wp\/v2\/pages\/7"}],"collection":[{"href":"https:\/\/metalindustries.ro\/index.php?rest_route=\/wp\/v2\/pages"}],"about":[{"href":"https:\/\/metalindustries.ro\/index.php?rest_route=\/wp\/v2\/types\/page"}],"author":[{"embeddable":true,"href":"https:\/\/metalindustries.ro\/index.php?rest_route=\/wp\/v2\/users\/1"}],"replies":[{"embeddable":true,"href":"https:\/\/metalindustries.ro\/index.php?rest_route=%2Fwp%2Fv2%2Fcomments&post=7"}],"version-history":[{"count":12,"href":"https:\/\/metalindustries.ro\/index.php?rest_route=\/wp\/v2\/pages\/7\/revisions"}],"predecessor-version":[{"id":216,"href":"https:\/\/metalindustries.ro\/index.php?rest_route=\/wp\/v2\/pages\/7\/revisions\/216"}],"wp:attachment":[{"href":"https:\/\/metalindustries.ro\/index.php?rest_route=%2Fwp%2Fv2%2Fmedia&parent=7"}],"curies":[{"name":"wp","href":"https:\/\/api.w.org\/{rel}","templated":true}]}}